 {"id":194,"date":"2015-04-02T11:14:31","date_gmt":"2015-04-02T10:14:31","guid":{"rendered":"http:\/\/www.fondationdelille.org\/climat\/?page_id=194"},"modified":"2023-04-05T09:43:36","modified_gmt":"2023-04-05T08:43:36","slug":"international","status":"publish","type":"page","link":"https:\/\/www.fondationdelille.org\/climat\/laureats\/international\/","title":{"rendered":"&#8230;et les projets l\u00e0-bas"},"content":{"rendered":"<div id=\"action-panel-details\" class=\"action-panel-content yt-card yt-card-has-padding yt-uix-expander yt-uix-expander-collapsed\">\n<p style=\"text-align: justify;\">Le Fonds Solidarit\u00e9 Climat a d\u00e9j\u00e0 permis de financer <b>\u00a0quatre associations locales, soucieuses de mettre en \u0153uvre des projets<\/b>\u00a0\u00e0 l&rsquo;international,\u00a0dans une zone de coop\u00e9ration des collectivit\u00e9s de la r\u00e9gion,\u00a0contre les changements climatiques ou\u00a0<strong>en faveur de l\u2019adaptation aux changements climatiques<\/strong>\u00a0:<\/p>\n<ul style=\"list-style-type: circle;\">\n<li style=\"text-align: justify;\">L<a href=\"http:\/\/www.fondationdelille.org\/climat\/?page_id=602\">e\u00a0Partenariat<\/a>\u00a0pour\u00a0la sauvegarde et la mise en valeur de la mangrove Saint-Louis du S\u00e9n\u00e9gal<\/li>\n<li style=\"text-align: justify;\"><a href=\"http:\/\/www.fondationdelille.org\/climat\/?page_id=598\">Bani Kono<\/a>, pour la reforestation du village de Yarka, dans la r\u00e9gion de Kayes au Mali<\/li>\n<li><a href=\"http:\/\/www.fondationdelille.org\/climat\/laureats\/international\/loos-ngourma\/\">Loos N&rsquo;Gourma<\/a> pour le d\u00e9veloppement de l&rsquo;agro\u00e9cologie au Burkina Faso<\/li>\n<li>Association GDCAM Nord Europe : pour r\u00e9aliser des projets d\u2019aides au d\u00e9veloppement dans trois secteurs : la sant\u00e9, l\u2019\u00e9ducation et l\u2019agro-alimentaire en milieu rural dans le but d\u2019am\u00e9liorer les conditions de vie de la population des habitants de \u00a0la r\u00e9gion de Mulenda\u00a0<em>(R\u00e9publique du Congo).<\/em><\/li>\n<\/ul>\n<\/div>\n","protected":false},"excerpt":{"rendered":"<p>Le Fonds Solidarit\u00e9 Climat a d\u00e9j\u00e0 permis de financer \u00a0quatre associations locales, soucieuses de mettre en \u0153uvre des projets\u00a0\u00e0 l&rsquo;international,\u00a0dans une zone de coop\u00e9ration des collectivit\u00e9s de la r\u00e9gion,\u00a0contre les [&hellip;]<\/p>\n","protected":false},"author":2,"featured_media":0,"parent":246,"menu_order":0,"comment_status":"closed","ping_status":"open","template":"","meta":{"_mi_skip_tracking":false},"acf":[],"_links":{"self":[{"href":"https:\/\/www.fondationdelille.org\/climat\/wp-json\/wp\/v2\/pages\/194"}],"collection":[{"href":"https:\/\/www.fondationdelille.org\/climat\/wp-json\/wp\/v2\/pages"}],"about":[{"href":"https:\/\/www.fondationdelille.org\/climat\/wp-json\/wp\/v2\/types\/page"}],"author":[{"embeddable":true,"href":"https:\/\/www.fondationdelille.org\/climat\/wp-json\/wp\/v2\/users\/2"}],"replies":[{"embeddable":true,"href":"https:\/\/www.fondationdelille.org\/climat\/wp-json\/wp\/v2\/comments?post=194"}],"version-history":[{"count":31,"href":"https:\/\/www.fondationdelille.org\/climat\/wp-json\/wp\/v2\/pages\/194\/revisions"}],"predecessor-version":[{"id":859,"href":"https:\/\/www.fondationdelille.org\/climat\/wp-json\/wp\/v2\/pages\/194\/revisions\/859"}],"up":[{"embeddable":true,"href":"https:\/\/www.fondationdelille.org\/climat\/wp-json\/wp\/v2\/pages\/246"}],"wp:attachment":[{"href":"https:\/\/www.fondationdelille.org\/climat\/wp-json\/wp\/v2\/media?parent=194"}],"curies":[{"name":"wp","href":"https:\/\/api.w.org\/{rel}","templated":true}]}}