 {"id":220,"date":"2015-04-02T16:40:36","date_gmt":"2015-04-02T15:40:36","guid":{"rendered":"http:\/\/www.fondationdelille.org\/climat\/?page_id=220"},"modified":"2018-10-12T16:06:00","modified_gmt":"2018-10-12T15:06:00","slug":"faq","status":"publish","type":"page","link":"https:\/\/www.fondationdelille.org\/climat\/cest-a-vous\/faire-un-don\/faq\/","title":{"rendered":"FAQ sur le don"},"content":{"rendered":"<h4 style=\"text-align: justify;\"><strong>Comment fonctionne le don en ligne ?<\/strong><\/h4>\n<div class=\"accordion\">\n<div class=\"pane\" style=\"text-align: justify;\">\n<p style=\"color: #222222; text-align: justify;\">Votre paiement sur ce site est\u00a0<strong>compl\u00e8tement s\u00e9curis\u00e9.<\/strong>\u00a0Vous serez dirig\u00e9 vers la plateforme de paiement s\u00e9curis\u00e9 HelloAsso. Il vous sera demand\u00e9 vos coordonn\u00e9es ainsi que l\u2019affectation de votre don. Une deuxi\u00e8me page fera r\u00e9f\u00e9rence au\u00a0type, au n\u00b0 de votre carte bancaire, ainsi qu\u2019\u00e0 sa date d\u2019expiration et au\u00a0cryptogramme visuel indiqu\u00e9 au dos de votre carte.\u00a0\u00a0HelloAsso garantit la confidentialit\u00e9 et la s\u00e9curit\u00e9 de vos donn\u00e9es.\u00a0A aucun moment, ni la Fondation de Lille, ni un quelconque autre\u00a0interm\u00e9diaire que HelloAsso n\u2019aura connaissance de vos coordonn\u00e9es bancaires. Les informations bancaires n\u00e9cessaires au traitement de votre paiement sont int\u00e9gralement s\u00e9curis\u00e9es. Gr\u00e2ce au cryptage SSL de vos donn\u00e9es bancaires, vous \u00eates assur\u00e9s de la fiabilit\u00e9 de vos transactions sur Internet. Pour en \u00eatre certain : l\u2019espace est s\u00e9curis\u00e9 d\u00e8s que l\u2019URL commence par https.\u00a0<strong>\u00a0<\/strong><\/p>\n<hr \/>\n<p style=\"color: #222222; text-align: justify;\"><strong>Comment affecter mon don au Fonds Solidarit\u00e9 Climat ?<\/strong><\/p>\n<\/div>\n<div class=\"pane\" style=\"text-align: justify;\">\n<p style=\"color: #000000;\">D\u00e9cidez de l\u2019affectation de votre don\u00a0en choisissant dans le menu d\u00e9roulant du formulaire<strong>\u00a0Fonds Solidarit\u00e9 Climat<\/strong><\/p>\n<hr \/>\n<p style=\"color: #000000;\"><strong>\u00c0 quelles d\u00e9ductions fiscales cela me donne\u00a0droit ?<\/strong><\/p>\n<p><strong>La Fondation de Lille est un organisme reconnu d\u2019utilit\u00e9 publique. Elle est donc habilit\u00e9e \u00e0 recevoir des dons\u00a0et \u00e0 d\u00e9livrer des re\u00e7us fiscaux\u00a0assurant une r\u00e9duction du montant du don de :<\/strong><\/p>\n<address>&#8211; 66 % pour les personnes imposables\u00a0<em>(dans la limite de 20% du revenu disponible)<\/em><\/address>\n<address>&#8211; 75 % pour les personnes assujetties \u00e0 l\u2019ISF (Plafond de 50.000 \u20ac)<\/address>\n<address>&#8211; 60% pour les entreprises assujetties \u00e0 l&rsquo;imp\u00f4t sur les soci\u00e9t\u00e9s\u00a0dans la limite de 5\u2030 du chiffre d\u2019affaires<\/address>\n<address><em><strong>La Fondation de Lille s\u2019engage \u00e0 vous transmettre le re\u00e7u fiscal<\/strong>\u00a0correspondant au montant de votre don\u00a0dans les plus brefs d\u00e9lais.<\/em><\/address>\n<hr \/>\n<p style=\"color: #000000;\"><strong>La Fondation de Lille pr\u00e9l\u00e8ve-t-elle des frais de collecte\u00a0?<\/strong><\/p>\n<p>Aucun frais de collecte ne seront pr\u00e9lev\u00e9s sur votre don.<\/p>\n<hr \/>\n<p><strong>Ai-je l&rsquo;obligation d&rsquo;utiliser le calculateur en ligne pour faire un don ?<\/strong><\/p>\n<p><strong>V<\/strong><strong>ous \u00eates libre d&rsquo;attribuer\u00a0un montant forfaitaire<\/strong> et d&rsquo;affecter la somme de votre choix \u00e0 cette cause. Le calculateur rev\u00eat avant tout\u00a0un caract\u00e8re\u00a0p\u00e9dagogique et\u00a0tous les dons seront revers\u00e9s\u00a0au service d\u2019une action de solidarit\u00e9 \u00e0 vis\u00e9e climatique.<\/p>\n<hr \/>\n<p style=\"color: #000000;\"><strong>Quelles sont les garanties d&rsquo;utilisation de mon don ?<\/strong><\/p>\n<\/div>\n<div class=\"pane\" style=\"text-align: justify;\">\n<p style=\"color: #000000; text-align: justify;\">La Fondation de Lille assure une gestion rigoureuse des fonds collect\u00e9s. \u00a0Les Comptes Financiers\u00a0de la Fondation de Lille sont<strong style=\"color: #000000;\">\u00a0\u00e9tablis par le<\/strong>\u00a0<strong style=\"color: #000000;\">Cabinet Fiducial Expertise<\/strong>,\u00a0<strong style=\"color: #000000;\">v\u00e9rifi\u00e9s et certifi\u00e9s par Jean- Fran\u00e7ois DARROUSEZ, Commissaire aux Comptes du Cabinet AEQUITAS.\u00a0<\/strong><strong style=\"color: #000000;\">Les comptes financiers de la Fondation de Lille sont publi\u00e9s<\/strong>\u00a0sur le site du\u00a0<a style=\"color: #000000;\" href=\"http:\/\/www.journal-officiel.gouv.fr\/\">Journal Officiel\u00a0<\/a>(d\u00e9cret n\u00b02009-540 du 15\/05\/09 \u2013 arr\u00eat\u00e9 du 02\/06\/09).<\/p>\n<\/div>\n<hr \/>\n<p style=\"text-align: justify;\"><span style=\"color: #000000;\"><strong>Et si je souhaite donner par voie postale ?<\/strong><\/span><\/p>\n<div class=\"pane\">\n<p style=\"text-align: justify;\"><strong><span style=\"color: #000000;\"><a href=\"http:\/\/www.fondationdelille.org\/climat\/wp-content\/uploads\/2017\/10\/Bulletin-de-soutien_Fonds-Solidarite_Climat.pdf\" target=\"_blank\" rel=\"noopener\">Remplissez ce formulaire de don<\/a>\u00a0<\/span><\/strong><span style=\"color: #000000;\">et renvoyez-le avec votre ch\u00e8que (libell\u00e9 \u00e0 l\u2019ordre de \u00ab\u00a0Fondation de Lille &#8211; Climat \u00bb) \u00e0 l\u2019adresse suivante :<\/span><\/p>\n<p style=\"color: #000000; text-align: justify;\"><strong>Fondation de Lille<\/strong><br \/>\n99, rue Saint-Sauveur<br \/>\nBP 667 59033 Lille Cedex<\/p>\n<p style=\"color: #000000; text-align: justify;\"><a href=\"https:\/\/www.apayer.fr\/fondationdelille\" target=\"_blank\" rel=\"noopener\"><img decoding=\"async\" loading=\"lazy\" class=\" size-full wp-image-304 aligncenter\" src=\"http:\/\/www.fondationdelille.org\/climat\/wp-content\/uploads\/2015\/04\/je-fais-un-don-en-ligne.png\" alt=\"je fais un don en ligne\" width=\"303\" height=\"91\" srcset=\"https:\/\/www.fondationdelille.org\/climat\/wp-content\/uploads\/2015\/04\/je-fais-un-don-en-ligne.png 303w, https:\/\/www.fondationdelille.org\/climat\/wp-content\/uploads\/2015\/04\/je-fais-un-don-en-ligne-300x90.png 300w\" sizes=\"(max-width: 303px) 100vw, 303px\" \/><\/a><\/p>\n<p style=\"color: #000000; text-align: justify;\">\n<\/div>\n<\/div>\n<p><!--END .accordion --><\/p>\n","protected":false},"excerpt":{"rendered":"<p>Comment fonctionne le don en ligne ? Votre paiement sur ce site est\u00a0compl\u00e8tement s\u00e9curis\u00e9.\u00a0Vous serez dirig\u00e9 vers la plateforme de paiement s\u00e9curis\u00e9 HelloAsso. Il vous sera demand\u00e9 vos coordonn\u00e9es ainsi [&hellip;]<\/p>\n","protected":false},"author":2,"featured_media":0,"parent":170,"menu_order":0,"comment_status":"closed","ping_status":"open","template":"","meta":{"_mi_skip_tracking":false},"acf":[],"_links":{"self":[{"href":"https:\/\/www.fondationdelille.org\/climat\/wp-json\/wp\/v2\/pages\/220"}],"collection":[{"href":"https:\/\/www.fondationdelille.org\/climat\/wp-json\/wp\/v2\/pages"}],"about":[{"href":"https:\/\/www.fondationdelille.org\/climat\/wp-json\/wp\/v2\/types\/page"}],"author":[{"embeddable":true,"href":"https:\/\/www.fondationdelille.org\/climat\/wp-json\/wp\/v2\/users\/2"}],"replies":[{"embeddable":true,"href":"https:\/\/www.fondationdelille.org\/climat\/wp-json\/wp\/v2\/comments?post=220"}],"version-history":[{"count":23,"href":"https:\/\/www.fondationdelille.org\/climat\/wp-json\/wp\/v2\/pages\/220\/revisions"}],"predecessor-version":[{"id":795,"href":"https:\/\/www.fondationdelille.org\/climat\/wp-json\/wp\/v2\/pages\/220\/revisions\/795"}],"up":[{"embeddable":true,"href":"https:\/\/www.fondationdelille.org\/climat\/wp-json\/wp\/v2\/pages\/170"}],"wp:attachment":[{"href":"https:\/\/www.fondationdelille.org\/climat\/wp-json\/wp\/v2\/media?parent=220"}],"curies":[{"name":"wp","href":"https:\/\/api.w.org\/{rel}","templated":true}]}}