 {"id":598,"date":"2016-09-27T10:42:54","date_gmt":"2016-09-27T09:42:54","guid":{"rendered":"http:\/\/www.fondationdelille.org\/climat\/?page_id=598"},"modified":"2021-02-23T12:35:42","modified_gmt":"2021-02-23T11:35:42","slug":"bani-kono","status":"publish","type":"page","link":"https:\/\/www.fondationdelille.org\/climat\/laureats\/international\/bani-kono\/","title":{"rendered":"Pour la reforestation du village de Yarka, dans la r\u00e9gion de Kayes au Mali"},"content":{"rendered":"<hr \/>\n<p style=\"text-align: center;\"><strong>BANI KONO\u00a0&#8211; LAUR\u00c9AT 2015<\/strong><\/p>\n<hr \/>\n<p style=\"text-align: justify;\"><b>L&rsquo;association Bani Kono\u00a0<\/b>a obtenu une aide financi\u00e8re de <strong>1\u00a0000 \u20ac<\/strong> pour son projet \u00ab\u00a0<strong>Bani Kono Yarka 2015<\/strong>\u00a0\u00bb qui vise \u00e0 poursuivre les plantations d&rsquo;essences d&rsquo;arbres adapt\u00e9es dans la lutte contre l&rsquo;\u00e9rosion dans le village de Yarka, dans la r\u00e9gion de Kayes au Mali et de poursuivre l&rsquo;\u00e9lectrification de l&rsquo;\u00e9cole fondamentale du village au moyen de panneaux photovolta\u00efques.<\/p>\n<p style=\"text-align: justify;\"><b>L&rsquo;association entretient des relations fructueuses\u00a0avec ce village depuis 2009<\/b>, diff\u00e9rentes op\u00e9rations de reboisement ont d\u00e9j\u00e0 \u00e9t\u00e9 r\u00e9alis\u00e9es avec la participation des villageois. Les essences et outils n\u00e9cessaires \u00e0 la poursuite des plantations ont \u00e9t\u00e9\u00a0achet\u00e9s localement tandis que l&rsquo;ADR, l&rsquo;association d&rsquo;Appui aux Actions de D\u00e9veloppement Rural \u00e0 Y\u00e9liman\u00e9 (Mali) \u00e9tait\u00a0charg\u00e9e d&rsquo;assurer sur place la bonne r\u00e9alisation du projet.<\/p>\n<p>&nbsp;<\/p>\n<address style=\"text-align: center;\"><img decoding=\"async\" loading=\"lazy\" class=\"aligncenter wp-image-647 size-large\" src=\"http:\/\/www.fondationdelille.org\/climat\/wp-content\/uploads\/2016\/09\/B_0424_IMGP3303-1024x683.jpg\" alt=\"b_0424_imgp3303\" width=\"640\" height=\"427\" srcset=\"https:\/\/www.fondationdelille.org\/climat\/wp-content\/uploads\/2016\/09\/B_0424_IMGP3303-1024x683.jpg 1024w, https:\/\/www.fondationdelille.org\/climat\/wp-content\/uploads\/2016\/09\/B_0424_IMGP3303-300x200.jpg 300w, https:\/\/www.fondationdelille.org\/climat\/wp-content\/uploads\/2016\/09\/B_0424_IMGP3303-600x400.jpg 600w\" sizes=\"(max-width: 640px) 100vw, 640px\" \/>\u00a0<\/address>\n<hr \/>\n<p style=\"text-align: center;\"><strong><span style=\"line-height: 1.5;\">ET CONCR\u00c8TEMENT ?<\/span><\/strong><\/p>\n<hr \/>\n<p style=\"text-align: justify;\">L&rsquo;\u00e9lectrification a permis d&rsquo;<strong>apporter de meilleures conditions d&rsquo;enseignement et d&rsquo;apprentissage aux enfants<\/strong> et enseignants de l&rsquo;\u00e9cole fondamentale, dans une d\u00e9marche de <strong>sensibilisation des villageois aux \u00e9nergies renouvelables<\/strong>,\u00a0pour associer r\u00e9ussite et p\u00e9dagogie.<\/p>\n<p style=\"text-align: justify;\">La reforestation a <strong>permis d&rsquo;endiguer l&rsquo;avanc\u00e9e du d\u00e9sert<\/strong> et l&rsquo;\u00e9rosion du sol, pr\u00e9server la fertilit\u00e9 des sols, apporter de l&rsquo;ombre aux habitants et permettra \u00e9ventuellement \u00e0\u00a0terme de fournir du bois de cuisine aux habitants afin d&rsquo;\u00e9viter le pr\u00e9l\u00e8vement sauvage. Les deux projets permettent d&rsquo;<strong>apporter\u00a0des connaissances p\u00e9dagogiques<\/strong>\u00a0aux enfants impliqu\u00e9s dans le projet.<\/p>\n<hr \/>\n<p style=\"text-align: justify;\"><strong>Je veux en savoir plus :<\/strong><\/p>\n<p style=\"text-align: justify;\"><a href=\"http:\/\/bani.kono.free.fr\" target=\"_blank\" rel=\"noopener\">Le site de\u00a0Bani Kono<\/a><\/p>\n<p>&nbsp;<\/p>\n","protected":false},"excerpt":{"rendered":"<p>BANI KONO\u00a0&#8211; LAUR\u00c9AT 2015 L&rsquo;association Bani Kono\u00a0a obtenu une aide financi\u00e8re de 1\u00a0000 \u20ac pour son projet \u00ab\u00a0Bani Kono Yarka 2015\u00a0\u00bb qui vise \u00e0 poursuivre les plantations d&rsquo;essences d&rsquo;arbres adapt\u00e9es [&hellip;]<\/p>\n","protected":false},"author":2,"featured_media":0,"parent":194,"menu_order":0,"comment_status":"closed","ping_status":"closed","template":"","meta":{"_mi_skip_tracking":false},"acf":[],"_links":{"self":[{"href":"https:\/\/www.fondationdelille.org\/climat\/wp-json\/wp\/v2\/pages\/598"}],"collection":[{"href":"https:\/\/www.fondationdelille.org\/climat\/wp-json\/wp\/v2\/pages"}],"about":[{"href":"https:\/\/www.fondationdelille.org\/climat\/wp-json\/wp\/v2\/types\/page"}],"author":[{"embeddable":true,"href":"https:\/\/www.fondationdelille.org\/climat\/wp-json\/wp\/v2\/users\/2"}],"replies":[{"embeddable":true,"href":"https:\/\/www.fondationdelille.org\/climat\/wp-json\/wp\/v2\/comments?post=598"}],"version-history":[{"count":13,"href":"https:\/\/www.fondationdelille.org\/climat\/wp-json\/wp\/v2\/pages\/598\/revisions"}],"predecessor-version":[{"id":824,"href":"https:\/\/www.fondationdelille.org\/climat\/wp-json\/wp\/v2\/pages\/598\/revisions\/824"}],"up":[{"embeddable":true,"href":"https:\/\/www.fondationdelille.org\/climat\/wp-json\/wp\/v2\/pages\/194"}],"wp:attachment":[{"href":"https:\/\/www.fondationdelille.org\/climat\/wp-json\/wp\/v2\/media?parent=598"}],"curies":[{"name":"wp","href":"https:\/\/api.w.org\/{rel}","templated":true}]}}