 {"id":759,"date":"2018-09-25T13:11:20","date_gmt":"2018-09-25T12:11:20","guid":{"rendered":"http:\/\/www.fondationdelille.org\/climat\/?page_id=759"},"modified":"2021-02-23T12:37:28","modified_gmt":"2021-02-23T11:37:28","slug":"loos-ngourma","status":"publish","type":"page","link":"https:\/\/www.fondationdelille.org\/climat\/laureats\/international\/loos-ngourma\/","title":{"rendered":"Pour le d\u00e9veloppement de l&rsquo;agro\u00e9cologie au Burkina Faso"},"content":{"rendered":"<hr \/>\n<p style=\"text-align: center;\"><strong>LOOS N&rsquo;GOURMA &#8211; LAUR\u00c9AT 2018<\/strong><\/p>\n<hr \/>\n<p style=\"text-align: justify;\"><b>L&rsquo;association Loos N&rsquo;Gourma\u00a0<\/b>a obtenu une aide financi\u00e8re de <strong>2\u00a0000 \u20ac<\/strong> pour son projet \u00ab\u00a0<strong>D\u00e9veloppement de l&rsquo;agro\u00e9cologie au Burkina Faso<\/strong>\u00a0\u00bb qui vise \u00e0 poursuivre\u00a0l&rsquo;<strong>adaptation du monde rural\u00a0burkinab\u00e9 aux changements climatiques<\/strong>.<\/p>\n<p style=\"text-align: justify;\">L\u2019association Loos N\u2019Gourma entretient des relations fructueuses avec le village de Sampi\u00e9ri, dans la commune de Kantchari, \u00e0 l\u2019Est du Burkina Faso. Il y a dix ans, l\u2019association a cr\u00e9\u00e9 un centre de formation professionnelle en agro\u00e9cologie, qui a d\u00e9j\u00e0 permis de former plus de 600 jeunes rurales aux techniques de cultures locales.<\/p>\n<address style=\"text-align: center;\"><img decoding=\"async\" loading=\"lazy\" class=\"aligncenter wp-image-773 size-full\" src=\"http:\/\/www.fondationdelille.org\/climat\/wp-content\/uploads\/2018\/09\/Loos-n-gourma.jpg\" alt=\"\" width=\"733\" height=\"550\" srcset=\"https:\/\/www.fondationdelille.org\/climat\/wp-content\/uploads\/2018\/09\/Loos-n-gourma.jpg 733w, https:\/\/www.fondationdelille.org\/climat\/wp-content\/uploads\/2018\/09\/Loos-n-gourma-300x225.jpg 300w, https:\/\/www.fondationdelille.org\/climat\/wp-content\/uploads\/2018\/09\/Loos-n-gourma-500x375.jpg 500w, https:\/\/www.fondationdelille.org\/climat\/wp-content\/uploads\/2018\/09\/Loos-n-gourma-400x300.jpg 400w\" sizes=\"(max-width: 733px) 100vw, 733px\" \/><\/address>\n<hr \/>\n<p style=\"text-align: center;\"><strong><span style=\"line-height: 1.5;\">ET CONCR\u00c8TEMENT ?<\/span><\/strong><\/p>\n<hr \/>\n<p>La dotation a permis \u00e0 l\u2019association d\u2019assurer une formation \u00e0 l\u2019<strong>utilisation de fours am\u00e9lior\u00e9s<\/strong> pour limiter la consommation du petit bois et ainsi prot\u00e9ger les ressources naturelles locales.<\/p>\n<p><strong>Une formation \u00e0 l\u2019apiculture <\/strong>et\u00a0l\u2019installation de deux ruches a permis aux agriculteurs de d\u00e9velopper une nouvelle \u00e9conomie locale tout en contribuant au d\u00e9veloppement de la biodiversit\u00e9.<\/p>\n<p>La mise en place d\u2019une <strong>op\u00e9ration de reboisement<\/strong> avec 4 groupes de femmes a \u00e9galement \u00e9t\u00e9 l&rsquo;occasion de sensibiliser \u00e0 l&rsquo;avanc\u00e9e du d\u00e9sert et \u00e0 l&rsquo;impact de l&rsquo;\u00e9rosion du sol sur la culture des terres.<\/p>\n<hr \/>\n<p style=\"text-align: justify;\"><strong>Je veux en savoir plus :<\/strong><\/p>\n<p style=\"text-align: justify;\"><a href=\"https:\/\/www.ritimo.org\/Loos-N-Gourma\" target=\"_blank\" rel=\"noopener\">Le site de\u00a0Loos N&rsquo;Gourma<\/a><\/p>\n<p>&nbsp;<\/p>\n","protected":false},"excerpt":{"rendered":"<p>LOOS N&rsquo;GOURMA &#8211; LAUR\u00c9AT 2018 L&rsquo;association Loos N&rsquo;Gourma\u00a0a obtenu une aide financi\u00e8re de 2\u00a0000 \u20ac pour son projet \u00ab\u00a0D\u00e9veloppement de l&rsquo;agro\u00e9cologie au Burkina Faso\u00a0\u00bb qui vise \u00e0 poursuivre\u00a0l&rsquo;adaptation du monde [&hellip;]<\/p>\n","protected":false},"author":2,"featured_media":0,"parent":194,"menu_order":0,"comment_status":"closed","ping_status":"closed","template":"","meta":{"_mi_skip_tracking":false},"acf":[],"_links":{"self":[{"href":"https:\/\/www.fondationdelille.org\/climat\/wp-json\/wp\/v2\/pages\/759"}],"collection":[{"href":"https:\/\/www.fondationdelille.org\/climat\/wp-json\/wp\/v2\/pages"}],"about":[{"href":"https:\/\/www.fondationdelille.org\/climat\/wp-json\/wp\/v2\/types\/page"}],"author":[{"embeddable":true,"href":"https:\/\/www.fondationdelille.org\/climat\/wp-json\/wp\/v2\/users\/2"}],"replies":[{"embeddable":true,"href":"https:\/\/www.fondationdelille.org\/climat\/wp-json\/wp\/v2\/comments?post=759"}],"version-history":[{"count":5,"href":"https:\/\/www.fondationdelille.org\/climat\/wp-json\/wp\/v2\/pages\/759\/revisions"}],"predecessor-version":[{"id":825,"href":"https:\/\/www.fondationdelille.org\/climat\/wp-json\/wp\/v2\/pages\/759\/revisions\/825"}],"up":[{"embeddable":true,"href":"https:\/\/www.fondationdelille.org\/climat\/wp-json\/wp\/v2\/pages\/194"}],"wp:attachment":[{"href":"https:\/\/www.fondationdelille.org\/climat\/wp-json\/wp\/v2\/media?parent=759"}],"curies":[{"name":"wp","href":"https:\/\/api.w.org\/{rel}","templated":true}]}}